{"id":684,"date":"2022-09-29T08:19:44","date_gmt":"2022-09-29T08:19:44","guid":{"rendered":"https:\/\/m3-languagelink.at\/?page_id=684"},"modified":"2022-09-29T09:31:07","modified_gmt":"2022-09-29T09:31:07","slug":"alle-services-im-ueberblick","status":"publish","type":"page","link":"https:\/\/m3-languagelink.at\/pt\/alle-services-im-ueberblick","title":{"rendered":"Alle Services im \u00dcberblick"},"content":{"rendered":"<h1 class=\"has-text-align-center has-medium-font-size wp-block-heading\">Todos os nossos servi\u00e7os<\/h1>\n\n\n\n<h2 class=\"has-text-align-center has-neve-link-hover-color-background-color has-background has-large-font-size wp-block-heading translation-block\">Tradu\u00e7\u00f5es<\/h2>\n\n\n\n<p class=\"translation-block\">A M<sup>3<\/sup>\u2013LanguageLink  realiza tradu\u00e7\u00f5es t\u00e9cnicas e juramentadas das mais diversas \u00e1reas especializadas para as l\u00ednguas alem\u00e3 e portuguesa, com enfoque no Brasil.<\/p>\n\n\n\n<p class=\"translation-block\">Na M<sup>3<\/sup>-LanguageLink as tradu\u00e7\u00f5es s\u00e3o produzidas conforme os mais elevados padr\u00f5es de qualidade. Nossas etapas de trabalho seguem a norma de qualidade <strong> <a href=\"https:\/\/m3-languagelink.at\/pt\/iso-17100\" target=\"_self\">ISO 17100<\/a>.<\/strong><\/p>\n\n\n\n<p>Longa experi\u00eancia, profundo conhecimento t\u00e9cnico, profissionalismo, flexibilidade e criatividade s\u00e3o conceitos que fazem parte da nossa rotina e pelos quais prezamos em especial.&nbsp;&nbsp;<\/p>\n\n\n\n<p class=\"translation-block\">Para <strong>informa\u00e7\u00f5es mais detalhadas sobre o assunto tradu\u00e7\u00e3o<\/strong> clique <a href=\"http:\/\/m3-languagelink.at\/pt\/uebersetzen-info\" target=\"_self\"> <strong>aqui<\/strong><\/a>.<\/p>\n\n\n\n<p class=\"translation-block\">Para mais <strong>informa\u00e7\u00f5es pr\u00e1ticas sobre as etapas da sua encomenda de tradu\u00e7\u00e3o<\/strong> clique <a href=\"https:\/\/m3-languagelink.at\/pt\/uebersetzen-praktische-abwicklung\" target=\"_self\"><strong>aqui<\/strong><\/a>.<\/p>\n\n\n\n<h2 class=\"has-text-align-center has-nv-c-1-background-color has-background has-large-font-size wp-block-heading\"><mark style=\"background-color:rgba(0, 0, 0, 0)\" class=\"has-inline-color has-neve-link-color-color\">Interpreta\u00e7\u00e3o<\/mark><\/h2>\n\n\n\n<p class=\"translation-block\">A M<sup>3<\/sup>-LanguageLink assume a tarefa de uma comunica\u00e7\u00e3o intercultural tecnicamente competente e bem-sucedida, nas mais variadas \u00e1reas, entre interlocutores do alem\u00e3o e portugu\u00eas, tanto na \u00c1ustria como no Brasil.<\/p>\n\n\n\n<p class=\"translation-block\">As interpreta\u00e7\u00f5es pela M<sup>3<\/sup>-LanguageLink s\u00e3o realizadas seguindo os mais elevados crit\u00e9rios de qualidade.<\/p>\n\n\n\n<p>N\u00f3s oferecemos tanto interpreta\u00e7\u00e3o simult\u00e2nea como tamb\u00e9m interpreta\u00e7\u00e3o consecutiva, dependendo qual a melhor variante para cada situa\u00e7\u00e3o.&nbsp;<\/p>\n\n\n\n<p class=\"translation-block\">Os\/As int\u00e9rpretes que trabalham para a  M<sup>3<\/sup>-LanguageLink possuem forma\u00e7\u00e3o universit\u00e1ria em interpreta\u00e7\u00e3o e disp\u00f5em de anos de experi\u00eancia, profundo conhecimento t\u00e9cnico, compet\u00eancia social e intercultural.<\/p>\n\n\n\n<p>Confian\u00e7a, discri\u00e7\u00e3o, pontualidade, profissionalismo, flexibilidade e criatividade s\u00e3o marcos essenciais no nosso trabalho e que levamos com seriedade para cada encomenda.&nbsp;&nbsp;<\/p>\n\n\n\n<p class=\"translation-block\">Para <strong>informa\u00e7\u00f5es pormenorizadas sobre o tema interpreta\u00e7\u00e3o<\/strong> clique <strong><a href=\"http:\/\/m3-languagelink.at\/pt\/dolmetschen-info\" target=\"_self\">aqui<\/a>.<\/strong><\/p>\n\n\n\n<p class=\"translation-block\">Para informa\u00e7\u00f5es pr\u00e1ticas sobre as etapas da <strong>sua encomenda de interpreta\u00e7\u00e3o<\/strong> clique <strong><a href=\"https:\/\/m3-languagelink.at\/pt\/dolmetschen-praktische-abwicklung\" target=\"_self\">aqui<\/a>.<\/strong><\/p>\n\n\n\n<h2 class=\"has-text-align-center has-nv-c-2-background-color has-background has-large-font-size wp-block-heading\">Consultoria<\/h2>\n\n\n\n<p class=\"translation-block\">Al\u00e9m dos servi\u00e7os lingu\u00edsticos com alto padr\u00e3o de qualidade na \u00e1rea de tradu\u00e7\u00e3o e interpreta\u00e7\u00e3o, n\u00f3s tamb\u00e9m oferecemos aos nossos clientes um servi\u00e7o de <strong>consultoria especializada em assuntos lingu\u00edsticos<\/strong>. Este inclui:<\/p>\n\n\n\n<ul class=\"wp-block-list\"><li>Assist\u00eancia e assessoria geral para pessoas f\u00edsicas e jur\u00eddicas e&nbsp;&nbsp;<\/li><\/ul>\n\n\n\n<ul class=\"wp-block-list\"><li>Consultoria lingu\u00edstica especializada para empresas globais<strong> <\/strong>f\u00fcr international agierende Unternehmen&nbsp;<\/li><\/ul>\n\n\n\n<p>Longa experi\u00eancia, vasto conhecimento t\u00e9cnico, inova\u00e7\u00e3o, compet\u00eancia social e amor pela l\u00edngua e cultura \u00e9 o que caracteriza a nossa empresa. Al\u00e9m disso, pontuamos com requisitos como: confidencialidade, discri\u00e7\u00e3o, pontualidade, profissionalismo, flexibiliade e criatividade.&nbsp;&nbsp;<\/p>\n\n\n\n<p class=\"translation-block\">As atividades de consultoria da M<sup>3<\/sup>-LanguageLink auxilia a transpor barreiras lingu\u00edsticas e culturais, al\u00e9m de viabilizar uma redu\u00e7\u00e3o de tempo e custos combinada com a maior efici\u00eancia poss\u00edvel!<\/p>\n\n\n\n<p class=\"translation-block\">\u00a0Para mais <strong>informa\u00e7\u00f5es sobre consultoria<\/strong> clique <strong><a href=\"http:\/\/m3-languagelink.at\/pt\/consulting-info\" target=\"_self\">aqui<\/a>.<\/strong><\/p>\n\n\n\n<p>A M<sup>3<\/sup>-LanguageLink  oferece assessoria e assist\u00eancia competentes no \u00e2mbito de documentos, certid\u00f5es e procedimentos de legaliza\u00e7\u00e3o para a maior efici\u00eancia poss\u00edvel e redu\u00e7\u00e3o de custos!&nbsp;<\/p>\n\n\n\n<div style=\"height:100px\" aria-hidden=\"true\" class=\"wp-block-spacer\"><\/div>","protected":false},"excerpt":{"rendered":"<p>Alle unsere Services auf einen Blick \u00dcbersetzungen M3\u2013LanguageLink \u00fcbernimmt Fach\u00fcbersetzungen und beglaubigte \u00dcbersetzungen aus den verschiedensten Fachbereichen f\u00fcr den deutsch- und den portugiesischsprachigen Raum \u2013 mit dem Schwerpunkt Brasilien.&nbsp;&nbsp; Bei m3-LanguageLink werden \u00dcbersetzungen nach h\u00f6chsten Qualit\u00e4tskriterien angefertigt. Unsere Arbeitsabl\u00e4ufe folgen der internationalen Qualit\u00e4tsnorm ISO 17100. Jahrelange Erfahrung, profundes Fachwissen und soziale Kompetenz zeichnen unser Unternehmen&hellip;&nbsp;<a href=\"https:\/\/m3-languagelink.at\/pt\/alle-services-im-ueberblick\" rel=\"bookmark\">Continue a ler &raquo;<span class=\"screen-reader-text\">Alle Services im \u00dcberblick<\/span><\/a><\/p>","protected":false},"author":1,"featured_media":0,"parent":0,"menu_order":0,"comment_status":"closed","ping_status":"closed","template":"","meta":{"neve_meta_sidebar":"","neve_meta_container":"","neve_meta_enable_content_width":"","neve_meta_content_width":0,"neve_meta_title_alignment":"left","neve_meta_author_avatar":"","neve_post_elements_order":"","neve_meta_disable_header":"","neve_meta_disable_footer":"","neve_meta_disable_title":"","footnotes":""},"class_list":["post-684","page","type-page","status-publish","hentry"],"_links":{"self":[{"href":"https:\/\/m3-languagelink.at\/pt\/wp-json\/wp\/v2\/pages\/684","targetHints":{"allow":["GET"]}}],"collection":[{"href":"https:\/\/m3-languagelink.at\/pt\/wp-json\/wp\/v2\/pages"}],"about":[{"href":"https:\/\/m3-languagelink.at\/pt\/wp-json\/wp\/v2\/types\/page"}],"author":[{"embeddable":true,"href":"https:\/\/m3-languagelink.at\/pt\/wp-json\/wp\/v2\/users\/1"}],"replies":[{"embeddable":true,"href":"https:\/\/m3-languagelink.at\/pt\/wp-json\/wp\/v2\/comments?post=684"}],"version-history":[{"count":13,"href":"https:\/\/m3-languagelink.at\/pt\/wp-json\/wp\/v2\/pages\/684\/revisions"}],"predecessor-version":[{"id":713,"href":"https:\/\/m3-languagelink.at\/pt\/wp-json\/wp\/v2\/pages\/684\/revisions\/713"}],"wp:attachment":[{"href":"https:\/\/m3-languagelink.at\/pt\/wp-json\/wp\/v2\/media?parent=684"}],"curies":[{"name":"wp","href":"https:\/\/api.w.org\/{rel}","templated":true}]}}