{"id":15,"date":"2021-05-20T09:35:27","date_gmt":"2021-05-20T07:35:27","guid":{"rendered":"http:\/\/192.168.0.178:5001\/?page_id=15"},"modified":"2022-11-04T08:42:33","modified_gmt":"2022-11-04T08:42:33","slug":"home","status":"publish","type":"page","link":"https:\/\/m3-languagelink.at\/pt\/","title":{"rendered":"P\u00e1gina principal"},"content":{"rendered":"\n<div style=\"height:74px\" aria-hidden=\"true\" class=\"wp-block-spacer\"><\/div>\n\n\n\n<div class=\"wp-block-cover alignfull is-light\"><span aria-hidden=\"true\" class=\"wp-block-cover__background has-background-dim-0 has-background-dim\"><\/span><img loading=\"lazy\" decoding=\"async\" width=\"1024\" height=\"284\" class=\"wp-block-cover__image-background wp-image-553\" alt=\"\" src=\"http:\/\/m3-languagelink.at\/wp-content\/uploads\/2022\/02\/Header-web-1024x284.png\" data-object-fit=\"cover\" srcset=\"https:\/\/m3-languagelink.at\/wp-content\/uploads\/2022\/02\/Header-web-1024x284.png 1024w, https:\/\/m3-languagelink.at\/wp-content\/uploads\/2022\/02\/Header-web-300x83.png 300w, https:\/\/m3-languagelink.at\/wp-content\/uploads\/2022\/02\/Header-web-768x213.png 768w, https:\/\/m3-languagelink.at\/wp-content\/uploads\/2022\/02\/Header-web-1536x427.png 1536w, https:\/\/m3-languagelink.at\/wp-content\/uploads\/2022\/02\/Header-web-2048x569.png 2048w\" sizes=\"auto, (max-width: 1024px) 100vw, 1024px\" \/><div class=\"wp-block-cover__inner-container is-layout-flow wp-block-cover-is-layout-flow\">\n<div style=\"height:41px\" aria-hidden=\"true\" class=\"wp-block-spacer\"><\/div>\n\n\n\n<h1 class=\"has-text-align-center has-neve-link-color-color has-text-color wp-block-heading\" id=\"willkommen-bei-m3-languagelink\"><span style=\"color:var(--nv-primary-accent)\" class=\"tadv-color\">Willkommen bei <br>M<sup>3<\/sup>-LanguageLink <\/span><\/h1>\n<\/div><\/div>\n\n\n\n<div style=\"height:42px\" aria-hidden=\"true\" class=\"wp-block-spacer\"><\/div>\n\n\n\n<div class=\"wp-block-cover alignfull\" style=\"min-height:600px;aspect-ratio:unset;\"><span aria-hidden=\"true\" class=\"wp-block-cover__background has-nv-text-dark-bg-background-color has-background-dim-100 has-background-dim\"><\/span><div class=\"wp-block-cover__inner-container is-layout-flow wp-block-cover-is-layout-flow\">\n<div class=\"wp-block-group\"><div class=\"wp-block-group__inner-container is-layout-flow wp-block-group-is-layout-flow\">\n<div class=\"wp-block-columns alignwide are-vertically-aligned-center is-layout-flex wp-container-core-columns-is-layout-9d6595d7 wp-block-columns-is-layout-flex\">\n<div class=\"wp-block-column is-vertically-aligned-center is-layout-flow wp-block-column-is-layout-flow\" style=\"flex-basis:23%\"><\/div>\n<\/div>\n\n\n\n<div class=\"wp-block-columns is-layout-flex wp-container-core-columns-is-layout-9d6595d7 wp-block-columns-is-layout-flex\">\n<div class=\"wp-block-column is-vertically-aligned-center is-layout-flow wp-block-column-is-layout-flow\" style=\"flex-basis:50%\"><\/div>\n\n\n\n<div class=\"wp-block-column is-layout-flow wp-block-column-is-layout-flow\" style=\"flex-basis:50%\">\n<h2 class=\"has-text-align-left has-neve-text-color-color has-text-color wp-block-heading\" id=\"ubersetzen\">\u00dcbersetzen<\/h2>\n\n\n\n<p class=\"has-text-align-left has-neve-text-color-color has-text-color\" style=\"font-size:17px\"><strong>M<sup>3<\/sup>\u2013LanguageLink <\/strong>fertigt Fach\u00fcbersetzungen und beglaubigte \u00dcbersetzungen, nach h\u00f6chsten Qualit\u00e4tskriterien (<a href=\"http:\/\/m3-languagelink.at\/iso-17100\" data-type=\"page\"><strong>ISO 17100<\/strong><\/a>),&nbsp; aus den verschiedensten Fachbereichen f\u00fcr den deutsch- und den portugiesischsprachigen Raum \u2013 mit dem Schwerpunkt Brasilien.&nbsp;<\/p>\n\n\n\n<div class=\"wp-block-buttons is-horizontal is-content-justification-left is-layout-flex wp-container-core-buttons-is-layout-7e5fce0a wp-block-buttons-is-layout-flex\">\n<div class=\"wp-block-button is-style-primary\"><a class=\"wp-block-button__link has-nv-text-dark-bg-color has-text-color has-background wp-element-button\" href=\"http:\/\/m3-languagelink.at\/uebersetzen-info\" style=\"border-radius:15px;background-color:#d6a245\">Mehr erfahren<\/a><\/div>\n<\/div>\n<\/div>\n<\/div>\n\n\n\n<div style=\"height:40px\" aria-hidden=\"true\" class=\"wp-block-spacer\"><\/div>\n<\/div><\/div>\n<\/div><\/div>\n\n\n\n<div class=\"wp-block-cover alignfull\" style=\"min-height:600px;aspect-ratio:unset;\"><span aria-hidden=\"true\" class=\"wp-block-cover__background has-nv-light-bg-background-color has-background-dim-100 has-background-dim\"><\/span><div class=\"wp-block-cover__inner-container is-layout-flow wp-block-cover-is-layout-flow\">\n<div class=\"wp-block-group\"><div class=\"wp-block-group__inner-container is-layout-flow wp-block-group-is-layout-flow\">\n<div style=\"height:73px\" aria-hidden=\"true\" class=\"wp-block-spacer\"><\/div>\n\n\n\n<div class=\"wp-block-columns are-vertically-aligned-center is-layout-flex wp-container-core-columns-is-layout-9d6595d7 wp-block-columns-is-layout-flex\">\n<div class=\"wp-block-column is-vertically-aligned-center is-layout-flow wp-block-column-is-layout-flow\" style=\"flex-basis:50%\">\n<h2 class=\"has-text-align-left has-neve-text-color-color has-text-color wp-block-heading\" id=\"dolmetschen\">Dolmetschen<\/h2>\n\n\n\n<p class=\"has-text-align-left has-neve-text-color-color has-text-color\" style=\"font-size:17px\"><strong>M<sup>3<\/sup>-LanguageLink<\/strong> ist Ihr Partner f\u00fcr fachlich kompetente und erfolgreiche interkulturelle Kommunikation&nbsp; in den verschiedensten Fachbereichen zwischen deutsch- und portugiesischsprachigen Gespr\u00e4chspartner*innen.&nbsp;<\/p>\n\n\n\n<div class=\"wp-block-buttons is-horizontal is-content-justification-left is-layout-flex wp-container-core-buttons-is-layout-7e5fce0a wp-block-buttons-is-layout-flex\">\n<div class=\"wp-block-button is-style-primary\"><a class=\"wp-block-button__link has-nv-site-bg-color has-text-color has-background wp-element-button\" href=\"http:\/\/m3-languagelink.at\/dolmetschen-info\" style=\"border-radius:15px;background-color:#c34e36\">Mehr erfahren<\/a><\/div>\n<\/div>\n\n\n\n<div style=\"height:40px\" aria-hidden=\"true\" class=\"wp-block-spacer\"><\/div>\n<\/div>\n\n\n\n<div class=\"wp-block-column is-vertically-aligned-center is-layout-flow wp-block-column-is-layout-flow\" style=\"flex-basis:50%\"><\/div>\n<\/div>\n\n\n\n<div style=\"height:16px\" aria-hidden=\"true\" class=\"wp-block-spacer\"><\/div>\n<\/div><\/div>\n<\/div><\/div>\n\n\n\n<div class=\"wp-block-cover alignfull\" style=\"min-height:608px;aspect-ratio:unset;\"><span aria-hidden=\"true\" class=\"wp-block-cover__background has-nv-site-bg-background-color has-background-dim-100 has-background-dim\"><\/span><div class=\"wp-block-cover__inner-container is-layout-flow wp-block-cover-is-layout-flow\">\n<div class=\"wp-block-group\"><div class=\"wp-block-group__inner-container is-layout-flow wp-block-group-is-layout-flow\">\n<div style=\"height:1px\" aria-hidden=\"true\" class=\"wp-block-spacer\"><\/div>\n\n\n\n<div class=\"wp-block-columns are-vertically-aligned-center is-layout-flex wp-container-core-columns-is-layout-9d6595d7 wp-block-columns-is-layout-flex\">\n<div class=\"wp-block-column is-vertically-aligned-center is-layout-flow wp-block-column-is-layout-flow\" style=\"flex-basis:50%\"><\/div>\n\n\n\n<div class=\"wp-block-column is-vertically-aligned-center is-layout-flow wp-block-column-is-layout-flow\" style=\"flex-basis:50%\">\n<div style=\"height:13px\" aria-hidden=\"true\" class=\"wp-block-spacer\"><\/div>\n\n\n\n<h2 class=\"has-text-align-left has-neve-link-color-color has-text-color wp-block-heading\" id=\"consulting\">Consulting<\/h2>\n\n\n\n<p class=\"has-text-align-left has-neve-link-color-color has-text-color\" style=\"font-size:17px\"><strong>M<strong><sup>3<\/sup><\/strong>-LanguageLink<\/strong> bietet kompetente Beratung und Betreuung in Bezug auf Dokumente, Urkunden und Legalisationsprozedere f\u00fcr h\u00f6chstm\u00f6gliche Effizienz und Kostenersparnis!<\/p>\n\n\n\n<div class=\"wp-block-buttons is-horizontal is-content-justification-left is-layout-flex wp-container-core-buttons-is-layout-7e5fce0a wp-block-buttons-is-layout-flex\">\n<div class=\"wp-block-button is-style-primary\"><a class=\"wp-block-button__link has-nv-site-bg-color has-text-color has-background wp-element-button\" href=\"http:\/\/m3-languagelink.at\/consulting-info\" style=\"border-radius:15px;background-color:#75934f\">Mehr Erfahren<\/a><\/div>\n<\/div>\n<\/div>\n<\/div>\n\n\n\n<div style=\"height:1px\" aria-hidden=\"true\" class=\"wp-block-spacer\"><\/div>\n<\/div><\/div>\n<\/div><\/div>\n\n\n\n<div style=\"height:21px\" aria-hidden=\"true\" class=\"wp-block-spacer\"><\/div>\n\n\n\n<div class=\"wp-block-cb-carousel cb-single-slide\" data-slick=\"{&quot;slidesToShow&quot;:1,&quot;slidesToScroll&quot;:1,&quot;speed&quot;:700,&quot;arrows&quot;:true,&quot;dots&quot;:true,&quot;autoplay&quot;:true,&quot;autoplaySpeed&quot;:5250,&quot;infinite&quot;:true,&quot;rtl&quot;:false,&quot;responsive&quot;:[{&quot;breakpoint&quot;:701,&quot;settings&quot;:{&quot;slidesToShow&quot;:1,&quot;slidesToScroll&quot;:1}}]}\">\n<div class=\"wp-block-cb-slide\">\n<p class=\"has-text-align-center\"> <em>\u201eDie Grenzen meiner Sprache sind die Grenzen meiner Welt.\u201c<\/em> <br><br>Ludwig Wittgenstein<\/p>\n<\/div>\n\n\n\n<div class=\"wp-block-cb-slide\">\n<p class=\"has-text-align-center has-neve-text-color-color has-text-color has-normal-font-size\"><em>\u201eDer Geist einer Sprache offenbart sich am deutlichsten in ihren un\u00fcbersetzbaren Worten.\u201c<\/em><br><br>Marie von Ebner-Eschenbach<\/p>\n<\/div>\n\n\n\n<div class=\"wp-block-cb-slide\">\n<p class=\"has-text-align-center\"> <em>\u201eKennst du viele Sprachen \u2013 hast du viele Schl\u00fcssel f\u00fcr ein Schloss.\u201c<\/em> <br><br>Voltaire<\/p>\n<\/div>\n\n\n\n<div class=\"wp-block-cb-slide\">\n<p class=\"has-text-align-center\"><em>\u201eDie Sprache ist das Haus des Seins.\u201c<\/em><\/p>\n\n\n\n<p class=\"has-text-align-center\">Martin Heidegger<\/p>\n<\/div>\n\n\n\n<div class=\"wp-block-cb-slide\">\n<p class=\"has-text-align-center\"><em>\u201eDer Unterschied zwischen dem richtigen Wort und dem beinahe richtigen ist derselbe wie zwischen dem Blitz und dem Gl\u00fchw\u00fcrmchen.\u201c<\/em><\/p>\n\n\n\n<p class=\"has-text-align-center\">Mark Twain<\/p>\n<\/div>\n\n\n\n<div class=\"wp-block-cb-slide\">\n<p class=\"has-text-align-center\"><em>\u201eDie Sprache ist die Kleidung der Gedanken.\u201c<\/em><\/p>\n\n\n\n<p class=\"has-text-align-center\"><em>Samuel Johnson<\/em><\/p>\n<\/div>\n\n\n\n<div class=\"wp-block-cb-slide\">\n<p class=\"has-text-align-center\"><em>\u201eDie Sprache ist die Mutter, nicht die Magd der Gedanken.\u201c<\/em><\/p>\n\n\n\n<p class=\"has-text-align-center\"><em>Karl Kraus<\/em><\/p>\n<\/div>\n\n\n\n<div class=\"wp-block-cb-slide\">\n<p class=\"has-text-align-center\"><em>\u201eBeim \u00dcbersetzen muss man bis ans Un\u00fcbersetzliche herangehen; alsdann wird man aber erst die fremde Nation und die fremde Sprache gewahr.\u201c<\/em><\/p>\n\n\n\n<p class=\"has-text-align-center\"><em>J.W.von Goethe<\/em><\/p>\n<\/div>\n\n\n\n<div class=\"wp-block-cb-slide\">\n<p class=\"has-text-align-center\"><em>\u201eJede neue Sprache ist wie ein offenes Fenster, das einen neuen Ausblick auf die Welt er\u00f6ffnet und die Lebensauffassung weitet.\u201c<\/em><\/p>\n\n\n\n<p class=\"has-text-align-center\"><em>Frank Harris<\/em><\/p>\n<\/div>\n\n\n\n<div class=\"wp-block-cb-slide\">\n<p class=\"has-text-align-center\"><em>\u201eH\u00e4tten wir das Wort, h\u00e4tten wir die Sprache, wir br\u00e4uchten die Waffen nicht.\u201c<\/em><\/p>\n\n\n\n<p class=\"has-text-align-center\">Ingeborg Bachmann<\/p>\n<\/div>\n\n\n\n<div class=\"wp-block-cb-slide\">\n<p class=\"has-text-align-center\"><em>\u201eDie Sprache ist das Blut der Seele; in ihr flie\u00dfen die Gedanken und aus ihr wachsen sie.\u201c<\/em><\/p>\n\n\n\n<p class=\"has-text-align-center\">Oliver Wendell Holmes<\/p>\n<\/div>\n\n\n\n<div class=\"wp-block-cb-slide\">\n<p class=\"has-text-align-center\"><em>\u201eDie Sprache ist ein Labyrinth von Wegen. Du kommst von einer Stelle und kennst dich aus; du kommst von einer anderen zur selben Stelle, und kennst dich nicht mehr aus.\u201c&nbsp;<\/em><\/p>\n\n\n\n<p class=\"has-text-align-center\">Ludwig Wittgenstein<\/p>\n<\/div>\n\n\n\n<div class=\"wp-block-cb-slide\">\n<p class=\"has-text-align-center\"><em>\u201eIn der rechten Tonart kann man alles sagen. In der falschen nichts.\u201c<\/em><\/p>\n\n\n\n<p class=\"has-text-align-center\">George Bernhard Shaw<\/p>\n<\/div>\n\n\n\n<div class=\"wp-block-cb-slide\">\n<p class=\"has-text-align-center\"><em>\u201eDas echte Gespr\u00e4ch bedeutet: aus dem Ich heraustreten und an die T\u00fcr des Du klopfen.\u201c<\/em><\/p>\n\n\n\n<p class=\"has-text-align-center\">Albert Camus<\/p>\n<\/div>\n\n\n\n<div class=\"wp-block-cb-slide\">\n<p class=\"has-text-align-center\"><em>\u201eJeder Mensch ist liebenswert, wenn er wirklich zu Worte kommt.\u201c<\/em><\/p>\n\n\n\n<p class=\"has-text-align-center\">Hermann Hesse<\/p>\n<\/div>\n\n\n\n<div class=\"wp-block-cb-slide\">\n<p class=\"has-text-align-center\"><em>\u201eWir m\u00fcssen immer wieder das Gespr\u00e4ch mit unserem N\u00e4chsten suchen.<br>Das Gespr\u00e4ch ist die einzige Br\u00fccke zwischen den Menschen.\u201c<\/em><\/p>\n\n\n\n<p class=\"has-text-align-center\">Albert Camus<\/p>\n<\/div>\n<\/div>\n\n\n\n<div style=\"height:100px\" aria-hidden=\"true\" class=\"wp-block-spacer\"><\/div>\n\n\n\n<div class=\"wp-block-cover alignfull\" style=\"min-height:428px;aspect-ratio:unset;\"><span aria-hidden=\"true\" class=\"wp-block-cover__background has-neve-link-color-background-color has-background-dim-100 has-background-dim\"><\/span><div class=\"wp-block-cover__inner-container is-layout-flow wp-block-cover-is-layout-flow\">\n<h2 class=\"has-text-align-center has-nv-site-bg-color has-text-color wp-block-heading\" id=\"benotigen-sie-weitere-informationen\">Ben\u00f6tigen Sie weitere Informationen?<\/h2>\n\n\n\n<div class=\"wp-block-buttons is-horizontal is-content-justification-center is-layout-flex wp-container-core-buttons-is-layout-499968f5 wp-block-buttons-is-layout-flex\">\n<div class=\"wp-block-button is-style-primary\"><a class=\"wp-block-button__link has-neve-link-color-color has-neve-link-hover-color-background-color has-text-color has-background wp-element-button\" href=\"http:\/\/m3-languagelink.at\/index.php\/contact\/\" style=\"border-radius:15px\">Kontaktieren Sie uns<\/a><\/div>\n<\/div>\n<\/div><\/div>\n","protected":false},"excerpt":{"rendered":"","protected":false},"author":1,"featured_media":0,"parent":0,"menu_order":0,"comment_status":"closed","ping_status":"closed","template":"","meta":{"neve_meta_sidebar":"","neve_meta_container":"","neve_meta_enable_content_width":"on","neve_meta_content_width":100,"neve_meta_title_alignment":"","neve_meta_author_avatar":"","neve_post_elements_order":"","neve_meta_disable_header":"","neve_meta_disable_footer":"","neve_meta_disable_title":"on","footnotes":""},"class_list":["post-15","page","type-page","status-publish","hentry"],"_links":{"self":[{"href":"https:\/\/m3-languagelink.at\/pt\/wp-json\/wp\/v2\/pages\/15","targetHints":{"allow":["GET"]}}],"collection":[{"href":"https:\/\/m3-languagelink.at\/pt\/wp-json\/wp\/v2\/pages"}],"about":[{"href":"https:\/\/m3-languagelink.at\/pt\/wp-json\/wp\/v2\/types\/page"}],"author":[{"embeddable":true,"href":"https:\/\/m3-languagelink.at\/pt\/wp-json\/wp\/v2\/users\/1"}],"replies":[{"embeddable":true,"href":"https:\/\/m3-languagelink.at\/pt\/wp-json\/wp\/v2\/comments?post=15"}],"version-history":[{"count":26,"href":"https:\/\/m3-languagelink.at\/pt\/wp-json\/wp\/v2\/pages\/15\/revisions"}],"predecessor-version":[{"id":729,"href":"https:\/\/m3-languagelink.at\/pt\/wp-json\/wp\/v2\/pages\/15\/revisions\/729"}],"wp:attachment":[{"href":"https:\/\/m3-languagelink.at\/pt\/wp-json\/wp\/v2\/media?parent=15"}],"curies":[{"name":"wp","href":"https:\/\/api.w.org\/{rel}","templated":true}]}}