{"id":7,"date":"2021-05-20T09:17:50","date_gmt":"2021-05-20T07:17:50","guid":{"rendered":"http:\/\/192.168.0.178:5001\/?page_id=3"},"modified":"2022-01-26T11:15:04","modified_gmt":"2022-01-26T11:15:04","slug":"datenschutzerklaerung","status":"publish","type":"page","link":"http:\/\/m3-languagelink.at\/pt\/datenschutzerklaerung","title":{"rendered":"Pol\u00edtica de privacidade"},"content":{"rendered":"<h2 class=\"wp-block-heading\" id=\"m3-languagelink\"> M<sup>3<\/sup>3-LanguageLink <\/h2>\n\n\n\n<p class=\"translation-block\">A M<sup>3<\/sup>LanguageLink reconhece a import\u00e2ncia de proteger seus dados pessoais. Portanto, processamos seus dados exclusivamente com base nas disposi\u00e7\u00f5es legais (RGDP, TKG 2003). Nesta declara\u00e7\u00e3o, a M<sup>3<\/sup>LanguageLink explica como os dados coletados atrav\u00e9s do nosso site www.m3-languagelink.at s\u00e3o tratados.<\/p>\n\n\n\n<p>Os dados pessoais incluem nomes, endere\u00e7o, endere\u00e7o de e-mail, n\u00famero de telefone e fax e endere\u00e7o IP. Estes dados s\u00e3o armazenados conforme as seguintes leis austr\u00edacas:<\/p>\n\n\n\n<ul class=\"wp-block-list\"><li>Para o cumprimento de obriga\u00e7\u00f5es contratuais com os nossos clientes<\/li><li>obriga\u00e7\u00f5es legais perante as leis austr\u00edacas, assim como a Lei de Telecomunica\u00e7\u00f5es  (\u00a7 96 TKG)<\/li><li>Por interesse leg\u00edtimo com o alvo de melhorar os servi\u00e7os oferecidos&nbsp;<\/li><\/ul>\n\n\n\n<h3 class=\"wp-block-heading\" id=\"kontaktaufnahme\">Contato<\/h3>\n\n\n\n<p>Caso entre em contato conosco usando um formul\u00e1rio no site ou por e-mail, os dados fornecidos ser\u00e3o armazenados para fins de processamento da consulta e no caso de perguntas complementares que possam surgir. Estes dados n\u00e3o ser\u00e3o transmitidos ou divulgados sem o seu consentimento. Al\u00e9m disso, em nenhuma circunst\u00e2ncia solicitaremos que compartilhe informa\u00e7\u00f5es financeiras conosco.<\/p>\n\n\n\n<h3 class=\"wp-block-heading\" id=\"cookies\">Cookies<\/h3>\n\n\n\n<p>Nosso site utiliza cookies - arquivos de texto simples que s\u00e3o armazenados em seu dispositivo. Eles n\u00e3o causam danos ao seu dispositivo.<\/p>\n\n\n\n<p>N\u00f3s utilizamos cookies para tornar o nosso site mais acess\u00edvel. Alguns cookies permanecem no dispositivo mesmo depois de um tempo sem uso at\u00e9 que sejam limpados por voc\u00ea. O uso de cookies nos permite reconhecer o seu dispositivo na sua pr\u00f3xima visita ao site, por\u00e9m o uso de cookies n\u00e3o permite a identifica\u00e7\u00e3o pessoal de usu\u00e1rios, somente serve para a identifica\u00e7\u00e3o do navegador no dispositivo.<\/p>\n\n\n\n<p>O navigador pode ser configurado para que ele o informe sobre a configura\u00e7\u00e3o de cookies e voc\u00ea permite o uso de cookies em casos individuais.<\/p>\n\n\n\n<p>Caso os cookies forem desativados, a funcionalidade da website poder\u00e1 ser limitada.<\/p>\n\n\n\n<p>Quando voc\u00ea visita nosso website, n\u00f3s automaticamente recebemos e armazenamos informa\u00e7\u00f5es sobre seu computador e navegador, ou seja, seu endere\u00e7o IP, seus processadores de texto, a vers\u00e3o e tipos de dispositivos (PC, MAC, tablet, telefone celular, etc.).<\/p>\n\n\n<a  href=\"#consent-change\" role=\"button\" id=\"rcb-sc-link-change\" data-success-message=\"\" class=\"rcb-sc-link rcb-sc-link-change\">Alterar configura\u00e7\u00f5es de privacidade<\/a>\n\n\n\n<p><\/p>\n\n\n<a  href=\"#consent-history\" role=\"button\" id=\"rcb-sc-link-history\" data-success-message=\"\" class=\"rcb-sc-link rcb-sc-link-history\">Hist\u00f3rico de configura\u00e7\u00f5es de privacidade<\/a>\n\n\n\n<p><\/p>\n\n\n<a  href=\"#consent-revoke\" role=\"button\" id=\"rcb-sc-link-revoke\" data-success-message=\"Du hast die Einwilligung erfolgreich widerrufen. Die Seite wird nun neu geladen.\" class=\"rcb-sc-link rcb-sc-link-revoke\">Revogar consentimento<\/a>\n\n\n\n<p><\/p>\n\n\n\n<h3 class=\"wp-block-heading\" id=\"ihre-rechte\">Seus direitos<\/h3>\n\n\n\n<p>Em geral, voc\u00ea tem direito a informa\u00e7\u00e3o, corre\u00e7\u00e3o, restri\u00e7\u00e3o, transmiss\u00e3o de dados, revoga\u00e7\u00e3o e obje\u00e7\u00e3o. Al\u00e9m disso, voc\u00ea pode solicitar o apagemento de todos os dados pessoais que temos armazenados sobre voc\u00ea. Isto n\u00e3o inclui dados que precisamos manter devido a necessidades administrativas, legais ou por quest\u00f5es de seguran\u00e7a. Se voc\u00ea acredita que o processamento de seus dados viola a lei de prote\u00e7\u00e3o de dados ou seus direitos de prote\u00e7\u00e3o de dados foram violados de alguma forma, voc\u00ea pode reclamar junto ao org\u00e3o regulador. Na \u00c1ustria, esta \u00e9 a autoridade de prote\u00e7\u00e3o de dados (Datenschutzbeh\u00f6rde).<\/p>\n\n\n\n<h3 class=\"wp-block-heading\" id=\"bilder\">Imagens<\/h3>\n\n\n\n<p>Todas as imagens no site www.m3-languagelink.at s\u00e3o propriedade da M<sup>3<\/sup>-LanguageLink e n\u00e3o podem ser baixadas ou usadas para outros fins.<sup>3<\/sup>-LanguageLink und d\u00fcrfen weder heruntergeladen noch in anderer Weise verwendet werden.<\/p>\n\n\n\n<h3 class=\"wp-block-heading\" id=\"eingebettete-inhalte-von-anderen-websites\">Conte\u00fados incorporados de outros sites<\/h3>\n\n\n\n<p>A website pode conter conte\u00fados de outros sites (por exemplo, v\u00eddeos, imagens, artigos, etc.). O conte\u00fado incorporado de outros sites se comporta exatamente como se o visitante tivesse visitado o outro site.<\/p>\n\n\n\n<p>Estes sites podem coletar informa\u00e7\u00f5es sobre voc\u00ea, usar cookies, incorporar servi\u00e7os adicionais de rastreamento de terceiros e registrar sua intera\u00e7\u00e3o com este conte\u00fado incorporado, inclusive dados sobre a intera\u00e7\u00e3o com o conte\u00fado incorporado caso voc\u00ea tenha uma conta e estiver conectado ao site em quest\u00e3o.<\/p>\n\n\n\n<h2 class=\"wp-block-heading\" id=\"wie-lange-wir-ihre-daten-speichern\">Por quanto tempo armazenamos os seus dados<\/h2>\n\n\n\n<p>Quando um coment\u00e1rio \u00e9 publicado, ele \u00e9 salvo indefinidamente e inclui metadados. Desta forma, podemos detectar e aprovar os pr\u00f3ximos coment\u00e1rios de usu\u00e1rios automaticamente em vez de mant\u00ea-los em uma fila de modera\u00e7\u00e3o.<\/p>\n\n\n\n<p>Tamb\u00e9m armazenamos as informa\u00e7\u00f5es pessoais que usu\u00e1rios registrados  no nosso site fornecem em seus perfis de usu\u00e1rio. Usu\u00e1rios podem visualizar, alterar ou apagar suas informa\u00e7\u00f5es pessoais a qualquer momento (o nome do usu\u00e1rio n\u00e3o pode ser alterado). As informa\u00e7\u00f5es tamb\u00e9m podem ser visualizadas e alteradas pelos administradores do site.<\/p>\n\n\n\n<h2 class=\"wp-block-heading\" id=\"wohin-wir-ihre-daten-senden\">Para onde seus dados s\u00e3o enviados<\/h2>\n\n\n\n<p>Coment\u00e1rios de visitantes podem ser examinados por um servi\u00e7o automatizado para detec\u00e7\u00e3o de spam. <\/p>\n\n\n\n<h3 class=\"wp-block-heading\" id=\"zustimmung\">Consenstimento<\/h3>\n\n\n\n<p>Com o uso do nosso site voc\u00ea consente \u00e0 pol\u00edtica de privacidade.<\/p>\n\n\n\n<h3 class=\"wp-block-heading\" id=\"so-erreichen-sie-uns\">Entre em contato: <\/h3>\n\n\n\n<p class=\"translation-block\">M<sup>3<\/sup>-LanguageLink GmbH<br>Bindergasse 11\/36<br>AT-1090 Viena<\/p>\n\n\n\n<p class=\"translation-block\">Tel: +43 676 606 40 26<br>\nCelular:+43 676 517 26 92<br>\nE-Mail: <a href=\"mailto:office@m3-languagelink.com\" target=\"_self\">office@m3-languagelink.com<\/a><br>www.m3-languagelink.at<\/p>","protected":false},"excerpt":{"rendered":"<p>M3-LanguageLink M3-LanguageLink erkennt in vollem Umfang die Wichtigkeit des Schutzes Ihrer pers\u00f6nlichen Daten an. Wir verarbeiten Ihre Daten daher ausschlie\u00dflich auf Grundlage der gesetzlichen Bestimmungen (DSGVO, TKG 2003). Mit dieser Erkl\u00e4rung zeigt M3-LanguageLink, wie mit Daten, die \u00fcber unsere Website&nbsp;www.m3-languagelink.at&nbsp;gesammelt werden, verfahren wird. Personenbezogene Daten sind unter anderem Name, Vorname, Adresse, E-Mail-Adresse, Telefon- und Faxnummer,&hellip;&nbsp;<a href=\"http:\/\/m3-languagelink.at\/pt\/datenschutzerklaerung\" rel=\"bookmark\">Continue a ler &raquo;<span class=\"screen-reader-text\">Pol\u00edtica de privacidade<\/span><\/a><\/p>","protected":false},"author":1,"featured_media":0,"parent":0,"menu_order":0,"comment_status":"closed","ping_status":"open","template":"","meta":{"neve_meta_sidebar":"","neve_meta_container":"","neve_meta_enable_content_width":"","neve_meta_content_width":0,"neve_meta_title_alignment":"","neve_meta_author_avatar":"","neve_post_elements_order":"","neve_meta_disable_header":"","neve_meta_disable_footer":"","neve_meta_disable_title":"","footnotes":""},"class_list":["post-7","page","type-page","status-publish","hentry"],"_links":{"self":[{"href":"http:\/\/m3-languagelink.at\/pt\/wp-json\/wp\/v2\/pages\/7","targetHints":{"allow":["GET"]}}],"collection":[{"href":"http:\/\/m3-languagelink.at\/pt\/wp-json\/wp\/v2\/pages"}],"about":[{"href":"http:\/\/m3-languagelink.at\/pt\/wp-json\/wp\/v2\/types\/page"}],"author":[{"embeddable":true,"href":"http:\/\/m3-languagelink.at\/pt\/wp-json\/wp\/v2\/users\/1"}],"replies":[{"embeddable":true,"href":"http:\/\/m3-languagelink.at\/pt\/wp-json\/wp\/v2\/comments?post=7"}],"version-history":[{"count":9,"href":"http:\/\/m3-languagelink.at\/pt\/wp-json\/wp\/v2\/pages\/7\/revisions"}],"predecessor-version":[{"id":537,"href":"http:\/\/m3-languagelink.at\/pt\/wp-json\/wp\/v2\/pages\/7\/revisions\/537"}],"wp:attachment":[{"href":"http:\/\/m3-languagelink.at\/pt\/wp-json\/wp\/v2\/media?parent=7"}],"curies":[{"name":"wp","href":"https:\/\/api.w.org\/{rel}","templated":true}]}}