{"id":380,"date":"2021-06-01T20:09:41","date_gmt":"2021-06-01T18:09:41","guid":{"rendered":"http:\/\/192.168.0.178:5001\/?page_id=380"},"modified":"2022-05-09T07:38:21","modified_gmt":"2022-05-09T07:38:21","slug":"impressum","status":"publish","type":"page","link":"http:\/\/m3-languagelink.at\/pt\/impressum","title":{"rendered":"Impresso"},"content":{"rendered":"<div class=\"wp-block-columns is-layout-flex wp-container-core-columns-is-layout-9d6595d7 wp-block-columns-is-layout-flex\">\n<div class=\"wp-block-column is-layout-flow wp-block-column-is-layout-flow\">\n<p class=\"translation-block\"><strong>Sede da empresa:<\/strong><br>Bindergasse 11\/36<br>AT-1090 Viena<\/p>\n\n\n\n<p class=\"translation-block\"><strong>Entre em contato conosco:<\/strong><br>Tel.: +43 676 606 40 26 <br>Celular:+43 676 517 26 92<br>E-Mail: <a href=\"mailto:office@m3-languagelink.com\" target=\"_self\">office@m3-languagelink.com<\/a><br>Skype: m3-languagelink<\/p>\n\n\n\n<p class=\"translation-block\"><strong>Objetivo da empresa:<\/strong><br>Tradu\u00e7\u00e3o e servi\u00e7os lingu\u00edsticos<br><br><strong>Gerente:<\/strong><br>Mag. Marion Fischer-Natlacen\u00a0<br><br><strong>N\u00famero de identifica\u00e7\u00e3o fiscal (UID):<\/strong>\u00a0ATU 5621 8024<\/p>\n\n\n\n<p class=\"translation-block\"><strong>Dados banc\u00e1rios:<\/strong><br>Bank: Bank Austria\u00a0<br>BLZ: 12000<br>Konto-Nummer: 722 420 122<br>IBAN: AT79 1200 0007 2242 0122<br>BIC: BKAUATWW\u00a0<\/p>\n\n\n\n<p class=\"translation-block\">Membro da C\u00e2mara Federal de Economia da \u00c1ustria <br>Membro da Associa\u00e7\u00e3o Austr\u00edaca de Int\u00e9rpretes Judiciais <br>Membro da Universitas - Associa\u00e7\u00e3o Profissional de Tradu\u00e7\u00e3o e Interpreta\u00e7\u00e3o\u00a0<br><br>\u00a9 M\u00b3-LanguageLink 2010\u00a0<\/p>\n<\/div>\n<\/div>","protected":false},"excerpt":{"rendered":"<p>Firmensitz:Bindergasse 11\/36AT-1090 Wien Kontakt:Telefon: +43 676 606 40 26 Mobil:+43 676 517 26 92E-Mail: office@m3-languagelink.comSkype: m3-languagelink Unternehmensgegenstand:Sprachdienstleistungen aller Art Gesch\u00e4ftsf\u00fchrerin:Mag. Marion Fischer-Natlacen&nbsp; UID:&nbsp;ATU 5621 8024 Bankverbindung:Bank: Bank Austria\u00a0BLZ: 12000Konto-Nummer: 722 420 122IBAN: AT79 1200 0007 2242 0122BIC: BKAUATWW\u00a0 Mitglied der Wirtschaftskammer \u00d6sterreichMitglied des \u00d6sterreichischen Verbandes der GerichtsdolmetscherMitglied der Universitas &#8211; Berufsverband f\u00fcr \u00dcbersetzen und Dolmetschen&nbsp;&hellip;&nbsp;<a href=\"http:\/\/m3-languagelink.at\/pt\/impressum\" rel=\"bookmark\">Continue a ler &raquo;<span class=\"screen-reader-text\">Impresso<\/span><\/a><\/p>","protected":false},"author":1,"featured_media":0,"parent":0,"menu_order":0,"comment_status":"closed","ping_status":"closed","template":"","meta":{"neve_meta_sidebar":"full-width","neve_meta_container":"","neve_meta_enable_content_width":"on","neve_meta_content_width":100,"neve_meta_title_alignment":"","neve_meta_author_avatar":"","neve_post_elements_order":"","neve_meta_disable_header":"","neve_meta_disable_footer":"","neve_meta_disable_title":"","footnotes":""},"class_list":["post-380","page","type-page","status-publish","hentry"],"_links":{"self":[{"href":"http:\/\/m3-languagelink.at\/pt\/wp-json\/wp\/v2\/pages\/380","targetHints":{"allow":["GET"]}}],"collection":[{"href":"http:\/\/m3-languagelink.at\/pt\/wp-json\/wp\/v2\/pages"}],"about":[{"href":"http:\/\/m3-languagelink.at\/pt\/wp-json\/wp\/v2\/types\/page"}],"author":[{"embeddable":true,"href":"http:\/\/m3-languagelink.at\/pt\/wp-json\/wp\/v2\/users\/1"}],"replies":[{"embeddable":true,"href":"http:\/\/m3-languagelink.at\/pt\/wp-json\/wp\/v2\/comments?post=380"}],"version-history":[{"count":3,"href":"http:\/\/m3-languagelink.at\/pt\/wp-json\/wp\/v2\/pages\/380\/revisions"}],"predecessor-version":[{"id":630,"href":"http:\/\/m3-languagelink.at\/pt\/wp-json\/wp\/v2\/pages\/380\/revisions\/630"}],"wp:attachment":[{"href":"http:\/\/m3-languagelink.at\/pt\/wp-json\/wp\/v2\/media?parent=380"}],"curies":[{"name":"wp","href":"https:\/\/api.w.org\/{rel}","templated":true}]}}