{"id":262,"date":"2021-05-31T22:09:42","date_gmt":"2021-05-31T20:09:42","guid":{"rendered":"http:\/\/192.168.0.178:5001\/?page_id=262"},"modified":"2021-12-13T11:07:55","modified_gmt":"2021-12-13T11:07:55","slug":"consulting-info","status":"publish","type":"page","link":"http:\/\/m3-languagelink.at\/pt\/consulting-info","title":{"rendered":"Consulting-Info"},"content":{"rendered":"<div class=\"wp-block-cover alignfull has-background-dim has-background-gradient is-position-center-center\" style=\"background:linear-gradient(180deg,rgb(117,147,79) 16%,rgb(255,255,255) 100%);min-height:375px;aspect-ratio:unset;\"><div class=\"wp-block-cover__inner-container is-layout-flow wp-block-cover-is-layout-flow\">\n<h1 class=\"has-text-align-center has-neve-link-color-color has-text-color wp-block-heading\"><strong>Consultoria<\/strong><\/h1>\n<\/div><\/div>\n\n\n\n<div class=\"wp-block-cover alignfull has-nv-text-dark-bg-background-color has-background-dim\" style=\"min-height:174px;aspect-ratio:unset;\"><div class=\"wp-block-cover__inner-container is-layout-flow wp-block-cover-is-layout-flow\">\n<p class=\"has-neve-link-color-color has-text-color translation-block\">Al\u00e9m dos servi\u00e7os lingu\u00edsticos de alto padr\u00e3o de qualidade nas \u00e1reas de tradu\u00e7\u00e3o e interpreta\u00e7\u00e3o, n\u00f3s tamb\u00e9m oferecemos a nossos clientes um competente<strong> servi\u00e7o de consultoria<\/strong>.<\/p>\n<\/div><\/div>\n\n\n\n<div class=\"wp-block-cover alignfull has-nv-light-bg-background-color has-background-dim\" style=\"min-height:650px;aspect-ratio:unset;\"><div class=\"wp-block-cover__inner-container is-layout-flow wp-block-cover-is-layout-flow\">\n<p class=\"has-neve-link-color-color has-text-color\"><strong>Este abrange:<\/strong><\/p>\n\n\n\n<ul id=\"block-714c7411-4f30-4729-a259-599ee593c31e\" class=\"has-neve-link-color-color has-text-color wp-block-list\"><li><strong>Assessoria e acompanhamento geral para clientes f\u00edsicos e jur\u00eddicos:&nbsp;<\/strong><ul><li>Em assuntos de aspectos lingu\u00edsticos e culturais<\/li><li>Autentica\u00e7\u00f5es, legaliza\u00e7\u00f5es (Brasil \/ \u00c1ustria)<\/li><li>Assuntos burocr\u00e1ticos (visto, casamento, constitui\u00e7\u00e3o de firma etc.)<\/li><\/ul><\/li><\/ul>\n\n\n\n<ul class=\"has-neve-link-color-color has-text-color wp-block-list\"><li><strong>Consultoria especial em servi\u00e7os lingu\u00edsticos para empresas globais:<\/strong><ul><li>Coordena\u00e7\u00e3o de toda a gest\u00e3o e processamento da localiza\u00e7\u00e3o de software e documentos (SDL) de todas as encomendas de tradu\u00e7\u00e3o e interpreta\u00e7\u00e3o atrav\u00e9s de uma solu\u00e7\u00e3o SDL baseada em servidor adaptada \u00e0s necessidades do cliente.<\/li><li>Coordena\u00e7\u00e3o de todo o gerenciamento do projeto lingu\u00edstico e condu\u00e7\u00e3o de todas as encomendas de tradu\u00e7\u00e3o e interpreta\u00e7\u00e3o adequada \u00e0s necessidades do cliente.<\/li><li>Cria\u00e7\u00e3o de um banco de dados terminol\u00f3gico e Translation Memories para uso interno da empresa.<\/li><li>\u00a0Isto viabiliza a implementa\u00e7\u00e3o de um gerenciamento lingu\u00edstico nas mais variadas \u00e1reas profissionais (medicina, t\u00e9cnica, Direito), efetiva redu\u00e7\u00e3o de custos, transpar\u00eancia, economia de tempo e de recursos humanos, bem como tradu\u00e7\u00f5es linguisticamente consistentes e de alta qualidade.\u00a0<\/li><\/ul><\/li><\/ul>\n<\/div><\/div>\n\n\n\n<div class=\"wp-block-cover alignfull has-nv-text-dark-bg-background-color has-background-dim\" style=\"min-height:271px;aspect-ratio:unset;\"><div class=\"wp-block-cover__inner-container is-layout-flow wp-block-cover-is-layout-flow\">\n<p class=\"has-neve-link-color-color has-text-color translation-block\">Longa experi\u00eancia, vasto conhecimento t\u00e9cnico, inova\u00e7\u00e3o e compet\u00eancia social definem a <strong>M<sup>3<\/sup>-LanguageLink <\/strong>. Al\u00e9m disso, a empresa pontua com requisitos primordiais, dentre os quais:  confidencialidade, discri\u00e7\u00e3o, pontualidade, profissionalismo, flexibilidade e criatividade. A nossa clientela \u00e9 composta por empresas de todos os portes, assim como pessoas f\u00edsicas e profissionais que trabalham com o portugu\u00eas e o alem\u00e3o.<\/p>\n<\/div><\/div>\n\n\n\n<div class=\"wp-block-cover alignfull has-neve-link-color-background-color has-background-dim\" style=\"min-height:430px;aspect-ratio:unset;\"><div class=\"wp-block-cover__inner-container is-layout-flow wp-block-cover-is-layout-flow\">\n<h2 class=\"has-text-align-center has-nv-site-bg-color has-text-color wp-block-heading\">Precisa de mais informa\u00e7\u00f5es?<\/h2>\n\n\n\n<div class=\"wp-block-buttons is-content-justification-center is-layout-flex wp-block-buttons-is-layout-flex\">\n<div class=\"wp-block-button is-style-primary\"><a class=\"wp-block-button__link has-neve-link-color-color has-neve-link-hover-color-background-color has-text-color has-background\" href=\"http:\/\/m3-languagelink.at\/pt\/index.php\/contact\/\" style=\"border-radius:15px\">Entre em contato conosco<\/a><\/div>\n<\/div>\n<\/div><\/div>\n\n\n\n<div style=\"height:1px\" aria-hidden=\"true\" class=\"wp-block-spacer\"><\/div>","protected":false},"excerpt":{"rendered":"","protected":false},"author":1,"featured_media":0,"parent":0,"menu_order":0,"comment_status":"closed","ping_status":"closed","template":"","meta":{"neve_meta_sidebar":"","neve_meta_container":"","neve_meta_enable_content_width":"on","neve_meta_content_width":100,"neve_meta_title_alignment":"","neve_meta_author_avatar":"","neve_post_elements_order":"","neve_meta_disable_header":"","neve_meta_disable_footer":"","neve_meta_disable_title":"on","footnotes":""},"class_list":["post-262","page","type-page","status-publish","hentry"],"_links":{"self":[{"href":"http:\/\/m3-languagelink.at\/pt\/wp-json\/wp\/v2\/pages\/262","targetHints":{"allow":["GET"]}}],"collection":[{"href":"http:\/\/m3-languagelink.at\/pt\/wp-json\/wp\/v2\/pages"}],"about":[{"href":"http:\/\/m3-languagelink.at\/pt\/wp-json\/wp\/v2\/types\/page"}],"author":[{"embeddable":true,"href":"http:\/\/m3-languagelink.at\/pt\/wp-json\/wp\/v2\/users\/1"}],"replies":[{"embeddable":true,"href":"http:\/\/m3-languagelink.at\/pt\/wp-json\/wp\/v2\/comments?post=262"}],"version-history":[{"count":4,"href":"http:\/\/m3-languagelink.at\/pt\/wp-json\/wp\/v2\/pages\/262\/revisions"}],"predecessor-version":[{"id":515,"href":"http:\/\/m3-languagelink.at\/pt\/wp-json\/wp\/v2\/pages\/262\/revisions\/515"}],"wp:attachment":[{"href":"http:\/\/m3-languagelink.at\/pt\/wp-json\/wp\/v2\/media?parent=262"}],"curies":[{"name":"wp","href":"https:\/\/api.w.org\/{rel}","templated":true}]}}