{"id":16,"date":"2021-05-20T09:35:27","date_gmt":"2021-05-20T07:35:27","guid":{"rendered":"http:\/\/192.168.0.178:5001\/?page_id=16"},"modified":"2022-12-12T17:31:10","modified_gmt":"2022-12-12T17:31:10","slug":"ueber-uns","status":"publish","type":"page","link":"http:\/\/m3-languagelink.at\/pt\/ueber-uns","title":{"rendered":"Conhe\u00e7a o time da M3"},"content":{"rendered":"<div class=\"wp-block-cover alignfull\" style=\"min-height:242px;aspect-ratio:unset;\"><span aria-hidden=\"true\" class=\"wp-block-cover__background has-nv-site-bg-background-color has-background-dim-100 has-background-dim\"><\/span><div class=\"wp-block-cover__inner-container is-layout-flow wp-block-cover-is-layout-flow\">\n<div class=\"wp-block-group\"><div class=\"wp-block-group__inner-container is-layout-flow wp-block-group-is-layout-flow\">\n<h1 class=\"has-text-align-left has-neve-text-color-color has-text-color wp-block-heading\" id=\"uber-uns\">Conhe\u00e7a o time da M3<\/h1>\n<\/div><\/div>\n\n\n\n<p><\/p>\n<\/div><\/div>\n\n\n\n<div class=\"wp-block-media-text alignwide is-stacked-on-mobile\" style=\"grid-template-columns:20% auto\"><figure class=\"wp-block-media-text__media\"><img loading=\"lazy\" decoding=\"async\" width=\"718\" height=\"1024\" src=\"http:\/\/m3-languagelink.at\/wp-content\/uploads\/2022\/04\/Marion_web-718x1024.jpg\" alt=\"\" class=\"wp-image-589 size-full\" srcset=\"https:\/\/m3-languagelink.at\/wp-content\/uploads\/2022\/04\/Marion_web-718x1024.jpg 718w, https:\/\/m3-languagelink.at\/wp-content\/uploads\/2022\/04\/Marion_web-210x300.jpg 210w, https:\/\/m3-languagelink.at\/wp-content\/uploads\/2022\/04\/Marion_web.jpg 719w\" sizes=\"auto, (max-width: 718px) 100vw, 718px\" \/><\/figure><div class=\"wp-block-media-text__content\">\n<p class=\"has-text-align-left\"><strong>Marion<\/strong><\/p>\n\n\n\n<p class=\"translation-block\">A Marion \u00e9 a mola mestra que nos impulsiona e presenteia, a cada dia, com ensinamentos valiosos, adquiridos em tantos anos de experi\u00eancia, tanto como tradutora juramentada e int\u00e9rprete, como docente no Centro de Tradu\u00e7\u00e3o e Interpreta\u00e7\u00e3o da Universidade de Viena. O seu modo pr\u00e1tico e sensato de abordar os aspectos mesmo mais complicados do nosso cotidiano profissional \u00e9 de inestim\u00e1vel valor. Al\u00e9m disso, o seu bom humor e a sua sinceridade fazem das nossas pausas momentos agrad\u00e1veis, regados a risadas e caf\u00e9.<\/p>\n<\/div><\/div>\n\n\n\n<div class=\"wp-block-media-text alignwide has-media-on-the-right is-stacked-on-mobile\" style=\"grid-template-columns:auto 20%\"><div class=\"wp-block-media-text__content\">\n<p class=\"has-text-align-center\"><strong>Lisi<\/strong><\/p>\n\n\n\n<p class=\"has-text-align-left\">Se o tradutor representa os bra\u00e7os do escrit\u00f3rio, a Lisi representa os bra\u00e7os, a cabe\u00e7a e as pernas. Ela fala portugu\u00eas e russo e \u00e9 dona de um alem\u00e3o impec\u00e1vel, fruto de sua forma\u00e7\u00e3o em Letras, al\u00e9m do dialeto da sua regi\u00e3o, na Baixa \u00c1ustria J. Al\u00e9m da tradu\u00e7\u00e3o, ela comanda a organiza\u00e7\u00e3o do escrit\u00f3rio, incluindo toda a contabilidade, com maestria e dedica\u00e7\u00e3o. Gra\u00e7as a ela, todos os assuntos relacionados ao cotidiano de um escrit\u00f3rio s\u00e3o resolvidos de forma t\u00e3o r\u00e1pida e competente, que n\u00f3s respiramos aliviados quando ela volta de f\u00e9rias e reassume esse posto.<\/p>\n<\/div><figure class=\"wp-block-media-text__media\"><img loading=\"lazy\" decoding=\"async\" width=\"1024\" height=\"1024\" src=\"http:\/\/m3-languagelink.at\/wp-content\/uploads\/2022\/03\/Lisi_web-1024x1024.jpeg\" alt=\"\" class=\"wp-image-579 size-medium\" srcset=\"https:\/\/m3-languagelink.at\/wp-content\/uploads\/2022\/03\/Lisi_web-1024x1024.jpeg 1024w, https:\/\/m3-languagelink.at\/wp-content\/uploads\/2022\/03\/Lisi_web-300x300.jpeg 300w, https:\/\/m3-languagelink.at\/wp-content\/uploads\/2022\/03\/Lisi_web-150x150.jpeg 150w, https:\/\/m3-languagelink.at\/wp-content\/uploads\/2022\/03\/Lisi_web-768x768.jpeg 768w, https:\/\/m3-languagelink.at\/wp-content\/uploads\/2022\/03\/Lisi_web-1536x1536.jpeg 1536w, https:\/\/m3-languagelink.at\/wp-content\/uploads\/2022\/03\/Lisi_web.jpeg 1657w\" sizes=\"auto, (max-width: 1024px) 100vw, 1024px\" \/><\/figure><\/div>\n\n\n\n<div class=\"wp-block-media-text alignwide is-stacked-on-mobile\" style=\"grid-template-columns:20% auto\"><figure class=\"wp-block-media-text__media\"><img loading=\"lazy\" decoding=\"async\" width=\"983\" height=\"1024\" src=\"http:\/\/m3-languagelink.at\/wp-content\/uploads\/2022\/04\/Ione_web-983x1024.jpg\" alt=\"\" class=\"wp-image-590 size-full\" srcset=\"https:\/\/m3-languagelink.at\/wp-content\/uploads\/2022\/04\/Ione_web-983x1024.jpg 983w, https:\/\/m3-languagelink.at\/wp-content\/uploads\/2022\/04\/Ione_web-288x300.jpg 288w, https:\/\/m3-languagelink.at\/wp-content\/uploads\/2022\/04\/Ione_web-768x800.jpg 768w, https:\/\/m3-languagelink.at\/wp-content\/uploads\/2022\/04\/Ione_web-1475x1536.jpg 1475w, https:\/\/m3-languagelink.at\/wp-content\/uploads\/2022\/04\/Ione_web-1966x2048.jpg 1966w\" sizes=\"auto, (max-width: 983px) 100vw, 983px\" \/><\/figure><div class=\"wp-block-media-text__content\">\n<p class=\"has-text-align-left\"><strong>Ione<\/strong><\/p>\n\n\n\n<p>Ione \u00e9 a boa alma do escrit\u00f3rio. Com sua maneira acolhedora e am\u00e1vel, ela faz com que todos os nossos clientes se sintam em casa. Ela trata de suas preocupa\u00e7\u00f5es com zelo e entusiasmo e tamb\u00e9m sabe onde encontrar as melhores especialidades brasileiras em toda Viena. Al\u00e9m disso, Ione \u00e9 uma excelente tradutora e ex\u00edmia pesquisadora de termos t\u00e9cnicos.<\/p>\n<\/div><\/div>\n\n\n\n<div class=\"wp-block-media-text alignwide has-media-on-the-right is-stacked-on-mobile\" style=\"grid-template-columns:auto 20%\"><div class=\"wp-block-media-text__content\">\n<p class=\"has-text-align-center\"><strong>Martin<\/strong><\/p>\n\n\n\n<p>Tamb\u00e9m conhecido como provedor de Gugelhupf, Martin \u00e9 o nosso expert em portugu\u00eas de Portugal. Al\u00e9m de ter morado uns tantos anos em Lisboa, ele \u00e9 versado em temas jur\u00eddicos e nos ajuda sempre, com muita presteza e aten\u00e7\u00e3o. Na qualidade de tradutor juramentado e int\u00e9prete, ele tem suas pr\u00f3prias incumb\u00eancias, o que enriquece ainda mais o nosso interc\u00e2mbio profissional.<\/p>\n<\/div><figure class=\"wp-block-media-text__media\"><img loading=\"lazy\" decoding=\"async\" width=\"300\" height=\"300\" src=\"http:\/\/m3-languagelink.at\/wp-content\/uploads\/2022\/03\/MZuccato_web-300x300.jpg\" alt=\"\" class=\"wp-image-580 size-medium\" srcset=\"https:\/\/m3-languagelink.at\/wp-content\/uploads\/2022\/03\/MZuccato_web-300x300.jpg 300w, https:\/\/m3-languagelink.at\/wp-content\/uploads\/2022\/03\/MZuccato_web-150x150.jpg 150w, https:\/\/m3-languagelink.at\/wp-content\/uploads\/2022\/03\/MZuccato_web.jpg 376w\" sizes=\"auto, (max-width: 300px) 100vw, 300px\" \/><\/figure><\/div>\n\n\n\n<div class=\"wp-block-media-text alignwide is-stacked-on-mobile\" style=\"grid-template-columns:20% auto\"><figure class=\"wp-block-media-text__media\"><img loading=\"lazy\" decoding=\"async\" width=\"764\" height=\"859\" src=\"https:\/\/m3-languagelink.at\/wp-content\/uploads\/2022\/04\/Mia_web1.jpeg\" alt=\"\" class=\"wp-image-617 size-full\" srcset=\"https:\/\/m3-languagelink.at\/wp-content\/uploads\/2022\/04\/Mia_web1.jpeg 764w, https:\/\/m3-languagelink.at\/wp-content\/uploads\/2022\/04\/Mia_web1-267x300.jpeg 267w\" sizes=\"auto, (max-width: 764px) 100vw, 764px\" \/><\/figure><div class=\"wp-block-media-text__content\">\n<p><strong>Mia<\/strong><\/p>\n\n\n\n<p>A Mia \u00e9 a alegria em forma de cachorro. Ao chegar ao escrit\u00f3rio, pela manh\u00e3, ela faz quest\u00e3o de cumprimentar a cada um de n\u00f3s, al\u00e9m de correr pelos cantos como quem experimenta alegria e gratid\u00e3o por mais um novo dia. Depois, ela se deita no seu cantinho e nos deixa trabalhar, mas, de vez em quando, sai passeando pelo escrit\u00f3rio para uma por\u00e7\u00e3o de carinho e aten\u00e7\u00e3o.<\/p>\n<\/div><\/div>\n\n\n\n<div style=\"height:65px\" aria-hidden=\"true\" class=\"wp-block-spacer\"><\/div>\n\n\n\n<div class=\"wp-block-cover alignfull\" style=\"min-height:407px;aspect-ratio:unset;\"><span aria-hidden=\"true\" class=\"wp-block-cover__background has-nv-light-bg-background-color has-background-dim-100 has-background-dim\"><\/span><div class=\"wp-block-cover__inner-container is-layout-flow wp-block-cover-is-layout-flow\">\n<div style=\"height:59px\" aria-hidden=\"true\" class=\"wp-block-spacer\"><\/div>\n\n\n\n<div class=\"wp-block-group\"><div class=\"wp-block-group__inner-container is-layout-flow wp-block-group-is-layout-flow\">\n<div class=\"wp-block-columns is-layout-flex wp-container-core-columns-is-layout-9d6595d7 wp-block-columns-is-layout-flex\">\n<div class=\"wp-block-column is-layout-flow wp-block-column-is-layout-flow\">\n<h3 class=\"has-text-align-left has-text-align-center has-neve-text-color-color has-text-color wp-block-heading\" id=\"fachgerechte-sprachdienstleistungen\"><mark style=\"background-color:rgba(0, 0, 0, 0)\" class=\"has-inline-color has-nv-c-1-color\">Servi\u00e7o lingu\u00edstico profissional<\/mark><\/h3>\n\n\n\n<p class=\"has-text-align-left has-neve-text-color-color has-text-color\" style=\"font-size:15px\"><mark style=\"background-color:rgba(0, 0, 0, 0)\" class=\"has-inline-color has-nv-c-1-color\">\u2026e competente atendimento ao cliente ganharam nos \u00faltimos anos cada vez mais import\u00e2ncia\u2026<\/mark><\/p>\n<\/div>\n\n\n\n<div class=\"wp-block-column is-layout-flow wp-block-column-is-layout-flow\">\n<h3 class=\"has-text-align-left has-text-align-center has-neve-text-color-color has-text-color wp-block-heading\" id=\"effizient-professionell-und-kundenorientiert\"><mark style=\"background-color:rgba(0, 0, 0, 0)\" class=\"has-inline-color has-nv-c-1-color\">Eficiente, profissional e voltado para o cliente<\/mark><\/h3>\n\n\n\n<p class=\"has-text-align-left has-neve-text-color-color has-text-color translation-block\" style=\"font-size:15px\"><mark class=\"has-inline-color has-nv-c-1-color\"> <mark class=\"has-inline-color has-nv-c-1-color\"> A <strong>M<sup>3<\/sup>-LanguageLink <\/strong><\/mark> oferece servi\u00e7os lingu\u00edsticos e gerenciamento de projetos eficientes, profissionais e 100% adequados \u00e0s necessidades dos clientes nos segmentos tradu\u00e7\u00e3o, interpreta\u00e7\u00e3o e consultoria.<\/p>\n<\/div>\n\n\n\n<div class=\"wp-block-column is-layout-flow wp-block-column-is-layout-flow\">\n<h3 class=\"has-text-align-left has-text-align-center has-neve-text-color-color has-text-color wp-block-heading\" id=\"das-beste-preis-leistungs-verhaltnis\"><mark style=\"background-color:rgba(0, 0, 0, 0)\" class=\"has-inline-color has-nv-c-1-color\">A melhor rela\u00e7\u00e3o custo-benef\u00edcio\u202f<\/mark><\/h3>\n\n\n\n<p class=\"has-text-align-left has-neve-text-color-color has-text-color translation-block\" style=\"font-size:15px\"><mark class=\"has-inline-color has-nv-c-1-color\">Na <strong>M<sup>3<\/sup>-LanguageLink <\/strong>\u202fvoc\u00ea talvez n\u00e3o receba sempre o or\u00e7amento mais barato, mas, sem d\u00favida, o melhor pre\u00e7o na rela\u00e7\u00e3o custo-benef\u00edcio nos quesitos qualidade, compet\u00eancia, pontualidade e profissionalismo!<\/p>\n<\/div>\n<\/div>\n<\/div><\/div>\n\n\n\n<p class=\"has-text-align-center has-medium-font-size translation-block\"><mark class=\"has-inline-color has-nv-c-1-color\"> <strong>A <strong>M<sup>3<\/sup><\/strong>-LanguageLink \u00e9 simplesmente o \u201cmissing link\u201d \n\npara a supera\u00e7\u00e3o de barreiras lingu\u00edsticas e culturais \n\nquando o assunto trata de servi\u00e7os lingu\u00edsticos  \n\nno \u00e2mbito da l\u00edngua portuguesa!<\/p>\n\n\n\n<div style=\"height:65px\" aria-hidden=\"true\" class=\"wp-block-spacer\"><\/div>\n<\/div><\/div>\n\n\n\n<p><\/p>","protected":false},"excerpt":{"rendered":"<p>Marion Marion ist seit fast 30 Jahren als beeidete und zertifizierte Gerichtsdolmetscherin t\u00e4tig. Aufgrund ihrer Erfahrung kann sie alle noch so heiklen Probleme l\u00f6sen und steht Ihnen auch im Consulting-Bereich mit Rat und Tat zur Seite. Mehr \u00fcber Marions Werdegang finden Sie hier. Lisi Wenn ein\/e \u00dcbersetzerIn die Arme eines B\u00fcros repr\u00e4sentiert, dann steht Lisi&hellip;&nbsp;<a href=\"http:\/\/m3-languagelink.at\/pt\/ueber-uns\" rel=\"bookmark\">Continue a ler &raquo;<span class=\"screen-reader-text\">Conhe\u00e7a o time da M3<\/span><\/a><\/p>","protected":false},"author":1,"featured_media":0,"parent":0,"menu_order":0,"comment_status":"closed","ping_status":"closed","template":"","meta":{"neve_meta_sidebar":"","neve_meta_container":"","neve_meta_enable_content_width":"on","neve_meta_content_width":100,"neve_meta_title_alignment":"","neve_meta_author_avatar":"","neve_post_elements_order":"","neve_meta_disable_header":"","neve_meta_disable_footer":"","neve_meta_disable_title":"on","footnotes":""},"class_list":["post-16","page","type-page","status-publish","hentry"],"_links":{"self":[{"href":"http:\/\/m3-languagelink.at\/pt\/wp-json\/wp\/v2\/pages\/16","targetHints":{"allow":["GET"]}}],"collection":[{"href":"http:\/\/m3-languagelink.at\/pt\/wp-json\/wp\/v2\/pages"}],"about":[{"href":"http:\/\/m3-languagelink.at\/pt\/wp-json\/wp\/v2\/types\/page"}],"author":[{"embeddable":true,"href":"http:\/\/m3-languagelink.at\/pt\/wp-json\/wp\/v2\/users\/1"}],"replies":[{"embeddable":true,"href":"http:\/\/m3-languagelink.at\/pt\/wp-json\/wp\/v2\/comments?post=16"}],"version-history":[{"count":20,"href":"http:\/\/m3-languagelink.at\/pt\/wp-json\/wp\/v2\/pages\/16\/revisions"}],"predecessor-version":[{"id":734,"href":"http:\/\/m3-languagelink.at\/pt\/wp-json\/wp\/v2\/pages\/16\/revisions\/734"}],"wp:attachment":[{"href":"http:\/\/m3-languagelink.at\/pt\/wp-json\/wp\/v2\/media?parent=16"}],"curies":[{"name":"wp","href":"https:\/\/api.w.org\/{rel}","templated":true}]}}